{"id":2508,"date":"2023-12-10T13:08:18","date_gmt":"2021-03-09T09:03:37","guid":{"rendered":"http:\/\/ferruhtunc.org\/index.php\/about-us-2\/"},"modified":"2024-11-05T03:39:24","modified_gmt":"2024-11-05T00:39:24","slug":"ozgecmis","status":"publish","type":"page","link":"https:\/\/ferruhtunc.org\/index.php\/ozgecmis\/","title":{"rendered":"\u00d6zge\u00e7mi\u015f"},"content":{"rendered":"\t\t<div data-elementor-type=\"wp-page\" data-elementor-id=\"2508\" class=\"elementor elementor-2508\">\n\t\t\t\t\t\t\t<div class=\"elementor-element elementor-element-ae5c8d4 e-flex e-con-boxed e-con e-parent\" data-id=\"ae5c8d4\" data-element_type=\"container\" data-settings=\"{&quot;content_width&quot;:&quot;boxed&quot;}\" data-core-v316-plus=\"true\">\n\t\t\t\t\t<div class=\"e-con-inner\">\n\t\t\t\t<div class=\"elementor-element elementor-element-ffbd916 elementor-widget elementor-widget-spacer\" data-id=\"ffbd916\" data-element_type=\"widget\" data-widget_type=\"spacer.default\">\n\t\t\t\t<div class=\"elementor-widget-container\">\n\t\t\t<style>\/*! elementor - v3.18.0 - 20-12-2023 *\/\n.elementor-column .elementor-spacer-inner{height:var(--spacer-size)}.e-con{--container-widget-width:100%}.e-con-inner>.elementor-widget-spacer,.e-con>.elementor-widget-spacer{width:var(--container-widget-width,var(--spacer-size));--align-self:var(--container-widget-align-self,initial);--flex-shrink:0}.e-con-inner>.elementor-widget-spacer>.elementor-widget-container,.e-con>.elementor-widget-spacer>.elementor-widget-container{height:100%;width:100%}.e-con-inner>.elementor-widget-spacer>.elementor-widget-container>.elementor-spacer,.e-con>.elementor-widget-spacer>.elementor-widget-container>.elementor-spacer{height:100%}.e-con-inner>.elementor-widget-spacer>.elementor-widget-container>.elementor-spacer>.elementor-spacer-inner,.e-con>.elementor-widget-spacer>.elementor-widget-container>.elementor-spacer>.elementor-spacer-inner{height:var(--container-widget-height,var(--spacer-size))}.e-con-inner>.elementor-widget-spacer.elementor-widget-empty,.e-con>.elementor-widget-spacer.elementor-widget-empty{position:relative;min-height:22px;min-width:22px}.e-con-inner>.elementor-widget-spacer.elementor-widget-empty .elementor-widget-empty-icon,.e-con>.elementor-widget-spacer.elementor-widget-empty .elementor-widget-empty-icon{position:absolute;top:0;bottom:0;left:0;right:0;margin:auto;padding:0;width:22px;height:22px}<\/style>\t\t<div class=\"elementor-spacer\">\n\t\t\t<div class=\"elementor-spacer-inner\"><\/div>\n\t\t<\/div>\n\t\t\t\t<\/div>\n\t\t\t\t<\/div>\n\t\t\t\t\t<\/div>\n\t\t\t\t<\/div>\n\t\t<div class=\"elementor-element elementor-element-94c7b39 e-flex e-con-boxed e-con e-parent\" data-id=\"94c7b39\" data-element_type=\"container\" data-settings=\"{&quot;content_width&quot;:&quot;boxed&quot;}\" data-core-v316-plus=\"true\">\n\t\t\t\t\t<div class=\"e-con-inner\">\n\t\t\t\t<div class=\"elementor-element elementor-element-ec07059 elementor-widget elementor-widget-heading\" data-id=\"ec07059\" data-element_type=\"widget\" data-widget_type=\"heading.default\">\n\t\t\t\t<div class=\"elementor-widget-container\">\n\t\t\t<style>\/*! elementor - v3.18.0 - 20-12-2023 *\/\n.elementor-heading-title{padding:0;margin:0;line-height:1}.elementor-widget-heading .elementor-heading-title[class*=elementor-size-]>a{color:inherit;font-size:inherit;line-height:inherit}.elementor-widget-heading .elementor-heading-title.elementor-size-small{font-size:15px}.elementor-widget-heading .elementor-heading-title.elementor-size-medium{font-size:19px}.elementor-widget-heading .elementor-heading-title.elementor-size-large{font-size:29px}.elementor-widget-heading .elementor-heading-title.elementor-size-xl{font-size:39px}.elementor-widget-heading .elementor-heading-title.elementor-size-xxl{font-size:59px}<\/style><h2 class=\"elementor-heading-title elementor-size-default\">\u00d6zge\u00e7mi\u015f<\/h2>\t\t<\/div>\n\t\t\t\t<\/div>\n\t\t\t\t\t<\/div>\n\t\t\t\t<\/div>\n\t\t<div class=\"elementor-element elementor-element-3e68081 e-flex e-con-boxed e-con e-parent\" data-id=\"3e68081\" data-element_type=\"container\" data-settings=\"{&quot;content_width&quot;:&quot;boxed&quot;}\" data-core-v316-plus=\"true\">\n\t\t\t\t\t<div class=\"e-con-inner\">\n\t\t\t\t<div class=\"elementor-element elementor-element-f4cd6b4 elementor-widget elementor-widget-spacer\" data-id=\"f4cd6b4\" data-element_type=\"widget\" data-widget_type=\"spacer.default\">\n\t\t\t\t<div class=\"elementor-widget-container\">\n\t\t\t\t\t<div class=\"elementor-spacer\">\n\t\t\t<div class=\"elementor-spacer-inner\"><\/div>\n\t\t<\/div>\n\t\t\t\t<\/div>\n\t\t\t\t<\/div>\n\t\t\t\t\t<\/div>\n\t\t\t\t<\/div>\n\t\t<div class=\"elementor-element elementor-element-8e35c6a e-flex e-con-boxed e-con e-parent\" data-id=\"8e35c6a\" data-element_type=\"container\" data-settings=\"{&quot;content_width&quot;:&quot;boxed&quot;}\" data-core-v316-plus=\"true\">\n\t\t\t\t\t<div class=\"e-con-inner\">\n\t\t<div class=\"elementor-element elementor-element-4e78324 e-con-full e-flex e-con e-child\" data-id=\"4e78324\" data-element_type=\"container\" data-settings=\"{&quot;content_width&quot;:&quot;full&quot;}\">\n\t\t\t\t<div class=\"elementor-element elementor-element-108ee9f elementor-widget elementor-widget-image\" data-id=\"108ee9f\" data-element_type=\"widget\" data-widget_type=\"image.default\">\n\t\t\t\t<div class=\"elementor-widget-container\">\n\t\t\t<style>\/*! elementor - v3.18.0 - 20-12-2023 *\/\n.elementor-widget-image{text-align:center}.elementor-widget-image a{display:inline-block}.elementor-widget-image a img[src$=\".svg\"]{width:48px}.elementor-widget-image img{vertical-align:middle;display:inline-block}<\/style>\t\t\t\t\t\t\t\t\t\t\t\t<img decoding=\"async\" src=\"https:\/\/ferruhtunc.org\/wp-content\/uploads\/elementor\/thumbs\/WhatsApp-Image-2024-01-16-at-23.02.36-qiesaeapi557zl6qev3bd723jdujo01a9o00azttzq.jpeg\" title=\"WhatsApp Image 2024-01-16 at 23.02.36\" alt=\"WhatsApp Image 2024-01-16 at 23.02.36\" loading=\"lazy\" \/>\t\t\t\t\t\t\t\t\t\t\t\t\t\t\t<\/div>\n\t\t\t\t<\/div>\n\t\t\t\t<\/div>\n\t\t<div class=\"elementor-element elementor-element-70f42a1 e-con-full e-flex e-con e-child\" data-id=\"70f42a1\" data-element_type=\"container\" data-settings=\"{&quot;content_width&quot;:&quot;full&quot;}\">\n\t\t\t\t<div class=\"elementor-element elementor-element-60d6d34 elementor-widget elementor-widget-text-editor\" data-id=\"60d6d34\" data-element_type=\"widget\" data-widget_type=\"text-editor.default\">\n\t\t\t\t<div class=\"elementor-widget-container\">\n\t\t\t<style>\/*! elementor - v3.18.0 - 20-12-2023 *\/\n.elementor-widget-text-editor.elementor-drop-cap-view-stacked .elementor-drop-cap{background-color:#69727d;color:#fff}.elementor-widget-text-editor.elementor-drop-cap-view-framed .elementor-drop-cap{color:#69727d;border:3px solid;background-color:transparent}.elementor-widget-text-editor:not(.elementor-drop-cap-view-default) .elementor-drop-cap{margin-top:8px}.elementor-widget-text-editor:not(.elementor-drop-cap-view-default) .elementor-drop-cap-letter{width:1em;height:1em}.elementor-widget-text-editor .elementor-drop-cap{float:left;text-align:center;line-height:1;font-size:50px}.elementor-widget-text-editor .elementor-drop-cap-letter{display:inline-block}<\/style>\t\t\t\t<p>Ferruh Tun\u00e7 (Gazipa\u015fa, 1958)<\/p>\n<p>Siyasal Bilgiler Fak\u00fcltesi\u2019nde okudu. Kamuda, Maliye M\u00fcfetti\u015fli\u011fi, Mevduat Sigorta Fonu Ba\u015fkan Yard\u0131mc\u0131l\u0131\u011f\u0131 g\u00f6revlerinde bulundu. \u00d6zel sekt\u00f6rde, a\u011f\u0131rl\u0131kl\u0131 olarak denetim ve dan\u0131\u015fmanl\u0131k \u015firketlerinde \u00e7al\u0131\u015ft\u0131. Ankara ve \u0130stanbul\u2019da ge\u00e7en uzun i\u015f ya\u015fam\u0131na son verdikten sonra, a\u011f\u0131rl\u0131kl\u0131 olarak memleketi Antalya\u2019da ya\u015f\u0131yor.<\/p>\n<p>Doksanl\u0131 y\u0131llar\u0131n ba\u015f\u0131ndan itibaren \u015fiirleri Mehmet Fuat\u2019\u0131n y\u00f6netiminde \u00e7\u0131kan Adam Sanat dergisinde yay\u0131nland\u0131. \u0130lk kitab\u0131 <strong><em>\u015eehrin Eski Yolcusu<\/em><\/strong> (\u00dcmit Yay\u0131nc\u0131l\u0131k, 1995), Ceyhun Atuf Kansu \u015eiir \u00d6d\u00fcl\u00fc se\u00e7ici kurulu taraf\u0131ndan \u00f6vg\u00fcye de\u011fer bulundu. \u0130kinci ve \u00fc\u00e7\u00fcnc\u00fc kitaplar\u0131 olan <strong><em>Melez Zamanlar<\/em><\/strong> (2010) ve <strong><em>Tun\u00e7 Ayna<\/em><\/strong> (2011), on y\u0131l\u0131 a\u015fk\u0131n s\u00fcreyle kesintisiz \u015fiirlerini yay\u0131nlad\u0131\u011f\u0131 \u2018S\u00f6zc\u00fckler\u2019 dergisi taraf\u0131ndan yay\u0131nland\u0131. Bunlardan ilki, Ceyhun Atuf Kansu ve Beh\u00e7et Necatigil, ikincisi de Beh\u00e7et Aysan \u015fiir \u00f6d\u00fcllerine de\u011fer g\u00f6r\u00fcld\u00fc.\u00a0<\/p>\t\t\t\t\t\t<\/div>\n\t\t\t\t<\/div>\n\t\t\t\t<\/div>\n\t\t\t\t\t<\/div>\n\t\t\t\t<\/div>\n\t\t<div class=\"elementor-element elementor-element-5b70b60 e-flex e-con-boxed e-con e-parent\" data-id=\"5b70b60\" data-element_type=\"container\" data-settings=\"{&quot;content_width&quot;:&quot;boxed&quot;}\" data-core-v316-plus=\"true\">\n\t\t\t\t\t<div class=\"e-con-inner\">\n\t\t\t\t<div class=\"elementor-element elementor-element-329e92a elementor-widget elementor-widget-text-editor\" data-id=\"329e92a\" data-element_type=\"widget\" data-widget_type=\"text-editor.default\">\n\t\t\t\t<div class=\"elementor-widget-container\">\n\t\t\t\t\t\t\t<!-- wp:paragraph -->\n<p><strong><em>Bir C\u00fcmle Olmaya Geldim<\/em><\/strong> (Everest, 2017) adl\u0131 d\u00f6rd\u00fcnc\u00fc kitab\u0131n\u0131n ard\u0131ndan haz\u0131rlad\u0131\u011f\u0131 \u00fc\u00e7 yeni \u015fiir kitab\u0131 (<strong><em>Cehenneme Do\u011fru<\/em><\/strong><em>, <strong>Ka\u00e7\u0131\u015f Rampas\u0131<\/strong><\/em> ve <strong>Sepya<\/strong>) <strong>\u00d6zerk Bah\u00e7e<\/strong> <strong>Yay\u0131nevi<\/strong> taraf\u0131ndan 2024 y\u0131l\u0131nda yay\u0131nland\u0131.<\/p>\n<p>\u2018Patika\u2019, \u2018\u00c7a\u011fda\u015f T\u00fcrk Dili\u2019, \u2018Ogitto\u2019 \u2018Varl\u0131k\u2019, \u2018Kitapl\u0131k\u2019, \u2018yeni e\u2019, \u2018Birg\u00fcn-Hafta Sonu\u2019 ve Cumhuriyet Gazetesi \u2018Olaylar ve G\u00f6r\u00fc\u015fler\u2019 sayfas\u0131 \u015fairin \u015fu s\u0131ralar \u015fiir, ele\u015ftiri, deneme ve k\u00fclt\u00fcr-politik yaz\u0131lar\u0131na rastlanabilecek yay\u0131n organlar\u0131.<\/p>\n<!-- \/wp:paragraph -->\t\t\t\t\t\t<\/div>\n\t\t\t\t<\/div>\n\t\t\t\t\t<\/div>\n\t\t\t\t<\/div>\n\t\t<div class=\"elementor-element elementor-element-208d6e8 e-flex e-con-boxed e-con e-parent\" data-id=\"208d6e8\" data-element_type=\"container\" data-settings=\"{&quot;content_width&quot;:&quot;boxed&quot;}\" data-core-v316-plus=\"true\">\n\t\t\t\t\t<div class=\"e-con-inner\">\n\t\t\t\t<div class=\"elementor-element elementor-element-28cd674 elementor-widget elementor-widget-spacer\" data-id=\"28cd674\" data-element_type=\"widget\" data-widget_type=\"spacer.default\">\n\t\t\t\t<div class=\"elementor-widget-container\">\n\t\t\t\t\t<div class=\"elementor-spacer\">\n\t\t\t<div class=\"elementor-spacer-inner\"><\/div>\n\t\t<\/div>\n\t\t\t\t<\/div>\n\t\t\t\t<\/div>\n\t\t\t\t\t<\/div>\n\t\t\t\t<\/div>\n\t\t\t\t\t\t\t<\/div>\n\t\t","protected":false},"excerpt":{"rendered":"<p>\u00d6zge\u00e7mi\u015f Ferruh Tun\u00e7 (Gazipa\u015fa, 1958) Siyasal Bilgiler Fak\u00fcltesi\u2019nde okudu. Kamuda, Maliye M\u00fcfetti\u015fli\u011fi, Mevduat Sigorta Fonu Ba\u015fkan Yard\u0131mc\u0131l\u0131\u011f\u0131 g\u00f6revlerinde bulundu. \u00d6zel sekt\u00f6rde, a\u011f\u0131rl\u0131kl\u0131 olarak denetim ve&#8230;<\/p>\n","protected":false},"author":1,"featured_media":0,"parent":0,"menu_order":0,"comment_status":"closed","ping_status":"closed","template":"template-elementor-builder.php","meta":{"_monsterinsights_skip_tracking":false,"_monsterinsights_sitenote_active":false,"_monsterinsights_sitenote_note":"","_monsterinsights_sitenote_category":0,"footnotes":""},"class_list":["post-2508","page","type-page","status-publish","hentry"],"acf":[],"aioseo_notices":[],"_links":{"self":[{"href":"https:\/\/ferruhtunc.org\/index.php\/wp-json\/wp\/v2\/pages\/2508","targetHints":{"allow":["GET"]}}],"collection":[{"href":"https:\/\/ferruhtunc.org\/index.php\/wp-json\/wp\/v2\/pages"}],"about":[{"href":"https:\/\/ferruhtunc.org\/index.php\/wp-json\/wp\/v2\/types\/page"}],"author":[{"embeddable":true,"href":"https:\/\/ferruhtunc.org\/index.php\/wp-json\/wp\/v2\/users\/1"}],"replies":[{"embeddable":true,"href":"https:\/\/ferruhtunc.org\/index.php\/wp-json\/wp\/v2\/comments?post=2508"}],"version-history":[{"count":90,"href":"https:\/\/ferruhtunc.org\/index.php\/wp-json\/wp\/v2\/pages\/2508\/revisions"}],"predecessor-version":[{"id":3660,"href":"https:\/\/ferruhtunc.org\/index.php\/wp-json\/wp\/v2\/pages\/2508\/revisions\/3660"}],"wp:attachment":[{"href":"https:\/\/ferruhtunc.org\/index.php\/wp-json\/wp\/v2\/media?parent=2508"}],"curies":[{"name":"wp","href":"https:\/\/api.w.org\/{rel}","templated":true}]}}